{"id":5317,"date":"2024-11-25T02:03:55","date_gmt":"2024-11-25T02:03:55","guid":{"rendered":"https:\/\/missiontelecom.org\/?page_id=5317"},"modified":"2026-04-09T01:03:46","modified_gmt":"2026-04-09T01:03:46","slug":"libraries","status":"publish","type":"page","link":"https:\/\/missiontelecom.org\/es\/who-we-serve\/libraries\/","title":{"rendered":"Bibliotecas"},"content":{"rendered":"<h1>\n\t\t\tBibliotecas\t<\/h1>\n\t<p>Colaboramos con bibliotecas para ofrecer planes inal\u00e1mbricos ilimitados y dispositivos capaces a precios asequibles. <\/p>\n<h2>\n\t\t\tEnriquecer las bibliotecas y las comunidades\t<\/h2>\n\t<p>Prestamos servicios de telecomunicaciones personalizados y rentables para bibliotecas, permiti\u00e9ndole ofrecer un impacto duradero y conexi\u00f3n a su comunidad.<\/p>\n\t\t\t<a href=\"https:\/\/missiontelecom.org\/es\/offerings-broadband-service\/\"  target=\"_self\">\n\t\t\t\t\t\t\tBanda ancha inal\u00e1mbrica\n\t\t\t\t\t<\/a>\n\t\t\t<a href=\"https:\/\/missiontelecom.org\/es\/devices\/\"  target=\"_self\">\n\t\t\t\t\t\t\tDispositivos conectados\n\t\t\t\t\t<\/a>\n\n<h2>\n\t\t\tCentros tecnol\u00f3gicos comunitarios\t<\/h2>\n\t<p>Las bibliotecas est\u00e1n en el centro del aprendizaje y la participaci\u00f3n de la comunidad, ofreciendo acceso a la tecnolog\u00eda, la informaci\u00f3n y los servicios. Nos asociamos con bibliotecas para proporcionarles Internet inal\u00e1mbrico asequible y fiable, ayud\u00e1ndoles a ampliar su alcance. Desde el pr\u00e9stamo de hotspots hasta los servicios de telesalud, ofrecemos soluciones personalizadas para satisfacer las necesidades cambiantes de las bibliotecas y sus comunidades.<\/p>\n<h3>\n\t\t\tSocio destacado\t<\/h3>\n<figure itemscope itemtype=\"https:\/\/schema.org\/ImageObject\">\n\t\t\t\t<img decoding=\"async\" data-src=\"https:\/\/missiontelecom.org\/wp-content\/uploads\/2024\/12\/pottsboro-library_logo.png\" alt=\"pottsboro-library_logo\" height=\"132\" width=\"600\" title=\"logo_biblioteca_pottsboro\" onerror=\"this.style.display='none'\" src=\"data:image\/svg+xml;base64,PHN2ZyB3aWR0aD0iMSIgaGVpZ2h0PSIxIiB4bWxucz0iaHR0cDovL3d3dy53My5vcmcvMjAwMC9zdmciPjwvc3ZnPg==\" class=\"lazyload\" style=\"--smush-placeholder-width: 600px; --smush-placeholder-aspect-ratio: 600\/132;\" data-srcset=\"https:\/\/missiontelecom.org\/wp-content\/uploads\/2024\/12\/pottsboro-library_logo.png 600w, https:\/\/missiontelecom.org\/wp-content\/smush-webp\/2024\/12\/pottsboro-library_logo-300x66.png.webp 300w\" data-sizes=\"auto\" data-original-sizes=\"(max-width: 600px) 100vw, 600px\" \/>\n\t<\/figure>\n<figure itemscope itemtype=\"https:\/\/schema.org\/ImageObject\">\n\t\t\t\t<img decoding=\"async\" data-src=\"https:\/\/missiontelecom.org\/wp-content\/uploads\/2025\/08\/Belen-Public-Library-.png\" alt=\"Belen-Public-Library-\" height=\"225\" width=\"225\" title=\"Biblioteca p\u00fablica de Bel\u00e9n:\" onerror=\"this.style.display='none'\" src=\"data:image\/svg+xml;base64,PHN2ZyB3aWR0aD0iMSIgaGVpZ2h0PSIxIiB4bWxucz0iaHR0cDovL3d3dy53My5vcmcvMjAwMC9zdmciPjwvc3ZnPg==\" class=\"lazyload\" style=\"--smush-placeholder-width: 225px; --smush-placeholder-aspect-ratio: 225\/225;\" data-srcset=\"https:\/\/missiontelecom.org\/wp-content\/uploads\/2025\/08\/Belen-Public-Library-.png 225w, https:\/\/missiontelecom.org\/wp-content\/smush-webp\/2025\/08\/Belen-Public-Library--150x150.png.webp 150w, https:\/\/missiontelecom.org\/wp-content\/smush-webp\/2025\/08\/Belen-Public-Library--12x12.png.webp 12w\" data-sizes=\"auto\" data-original-sizes=\"(max-width: 225px) 100vw, 225px\" \/>\n\t<\/figure>\n\t<p>In small towns like Belen, NM and Pottsboro, TX, local libraries are becoming digital lifelines. With help from Mission Telecom, they&#8217;ve launched community-powered hotspot lending programs that support everything from remote learning and telehealth to job seekers and entrepreneurs. These flexible, affordable solutions are proving that even in the most remote places, reliable connectivity can drive opportunity, resilience, and lasting change.<\/p>\n\t\t\t<a href=\"\/es\/case-study-rural-libraries\/\"  target=\"_blank\" rel=\"noopener\">\n\t\t\t\t\t\t\tEstudio de caso\n\t\t\t\t\t<\/a>\n<figure itemscope itemtype=\"https:\/\/schema.org\/ImageObject\">\n\t\t\t\t<img decoding=\"async\" data-src=\"https:\/\/missiontelecom.org\/wp-content\/uploads\/2024\/10\/MissionTelecom_Scribble31-1-3-e1728926798205.png\" alt=\"MissionTelecom_Scribble31 1 (3)\" height=\"66\" width=\"513\" title=\"Misi\u00f3nTelecom_Scribble31 1 (3)\" onerror=\"this.style.display='none'\" src=\"data:image\/svg+xml;base64,PHN2ZyB3aWR0aD0iMSIgaGVpZ2h0PSIxIiB4bWxucz0iaHR0cDovL3d3dy53My5vcmcvMjAwMC9zdmciPjwvc3ZnPg==\" class=\"lazyload\" style=\"--smush-placeholder-width: 513px; --smush-placeholder-aspect-ratio: 513\/66;\" data-srcset=\"https:\/\/missiontelecom.org\/wp-content\/uploads\/2024\/10\/MissionTelecom_Scribble31-1-3-e1728926798205.png 513w, https:\/\/missiontelecom.org\/wp-content\/uploads\/2024\/10\/MissionTelecom_Scribble31-1-3-e1728926798205-300x39.png 300w\" data-sizes=\"auto\" data-original-sizes=\"(max-width: 513px) 100vw, 513px\" \/>\n\t<\/figure>\n<h3>\n\t\t\tPor qu\u00e9 nos eligen las bibliotecas\t<\/h3>\n<h3>\n\t\t\tSoluciones a medida\t<\/h3>\n\t<p>Proporcionamos soluciones de conectividad 5G asequibles y fiables que se personalizan para satisfacer las necesidades \u00fanicas de las bibliotecas, garantizando que sigan siendo centros de aprendizaje y participaci\u00f3n de la comunidad.<\/p>\n<h3>\n\t\t\tRecursos cr\u00edticos\t<\/h3>\n\t<p>Los Hotspots permiten a las bibliotecas ampliar su alcance, mejorando la participaci\u00f3n de la comunidad y facilitando el acceso a recursos esenciales para el aprendizaje y el desarrollo.<\/p>\n<h3>\n\t\t\tGarantizar el acceso\t<\/h3>\n\t<p>Con nuestras soluciones 5G, las bibliotecas pueden ayudar a sus comunidades a prosperar, reduciendo la brecha digital y garantizando la igualdad de acceso a la informaci\u00f3n y la tecnolog\u00eda.<\/p>\n\t\t\t<a href=\"https:\/\/missiontelecom.org\/es\/get-started\/\"  target=\"_self\">\n\t\t\t\t\t\t\tComenzar\n\t\t\t\t\t<\/a>\n\t\t\t<p><a href=\"https:\/\/calendly.com\/d\/cq25-xdt-b8t\/30-minute-meeting-with-mission-telecom?month=2025-05\" target=\"_blank\"><img decoding=\"async\" data-src=\"https:\/\/missiontelecom.org\/wp-content\/uploads\/2025\/05\/MissionPopUp_smallsize-2.jpg\" width=\"493\" class=\"smush-dimensions lazyload\" style=\"--smush-image-width: 493px; --smush-image-aspect-ratio: 493\/500;\" src=\"data:image\/svg+xml;base64,PHN2ZyB3aWR0aD0iMSIgaGVpZ2h0PSIxIiB4bWxucz0iaHR0cDovL3d3dy53My5vcmcvMjAwMC9zdmciPjwvc3ZnPg==\" data-srcset=\"https:\/\/missiontelecom.org\/wp-content\/uploads\/2025\/05\/MissionPopUp_smallsize-2.jpg 493w, https:\/\/missiontelecom.org\/wp-content\/smush-webp\/2025\/05\/MissionPopUp_smallsize-2-296x300.jpg.webp 296w\" data-sizes=\"auto\" data-original-sizes=\"(max-width: 493px) 100vw, 493px\" \/><\/a><\/p>\n\t\t<h5>Modal Popup &#8211; ID <\/h5>\n\t\tClick here to edit the &quot;Modal Popup&quot; settings. This text will not be visible on frontend.\t\n<h2>\n\t\t\tBibliotecas que conectan e informan\t<\/h2>\n\t<p>Bring high-speed, unlimited broadband to your library-without the complexity of restrictive contracts.<\/p>\n\t\t\t<a href=\"https:\/\/scheduler.zoom.us\/f\/68g7cor5\"  target=\"_blank\" rel=\"noopener\">\n\t\t\t\t\t\t\tConcierte una cita\n\t\t\t\t\t<\/a>\n<h2>\n\t\t\t\u00bfRecorte en la tarifa electr\u00f3nica?\t<\/h2>\n<h2>\n\t\t\tCuando la financiaci\u00f3n no es suficiente, te mantenemos conectado\t<\/h2>\n\tIntervinimos para proteger el acceso a Wi-Fi asequible para escuelas y bibliotecas, igualando los descuentos de E-Rate en medio de los recortes de la FCC.\n\t\t\t<a href=\"https:\/\/missiontelecom.org\/es\/who-we-serve\/e-rate-broadband-fcc-offer\/\"  target=\"_blank\" rel=\"noopener\">\n\t\t\t\t\t\t\tExplore las soluciones E-Rate\n\t\t\t\t\t<\/a>","protected":false},"excerpt":{"rendered":"<p>Libraries We collaborate with libraries to provide unlimited wireless plans and capable devices at affordable prices. Enriching Libraries and Communities We deliver tailored, cost-effective telecom services for libraries, enabling you to deliver lasting impact and connection to your community. Wireless Broadband Connected Devices Technology Hubs in Communities Libraries are at the heart of community learning&hellip;<\/p>","protected":false},"author":5,"featured_media":5183,"parent":5029,"menu_order":0,"comment_status":"closed","ping_status":"closed","template":"","meta":{"footnotes":""},"class_list":["post-5317","page","type-page","status-publish","has-post-thumbnail","hentry"],"yoast_head":"<!-- This site is optimized with the Yoast SEO plugin v27.4 - https:\/\/yoast.com\/product\/yoast-seo-wordpress\/ -->\n<title>Libraries - Mission Telecom<\/title>\n<meta name=\"description\" content=\"Expanding digital access in libraries with reliable broadband, connected devices, and secure networks \u2014 helping bridge the digital divide in every community.\" \/>\n<meta name=\"robots\" content=\"index, follow, max-snippet:-1, max-image-preview:large, max-video-preview:-1\" \/>\n<link rel=\"canonical\" href=\"https:\/\/missiontelecom.org\/es\/who-we-serve\/libraries\/\" \/>\n<meta property=\"og:locale\" content=\"es_MX\" \/>\n<meta property=\"og:type\" content=\"article\" \/>\n<meta property=\"og:title\" content=\"Libraries - Mission Telecom\" \/>\n<meta property=\"og:description\" content=\"Expanding digital access in libraries with reliable broadband, connected devices, and secure networks \u2014 helping bridge the digital divide in every community.\" \/>\n<meta property=\"og:url\" content=\"https:\/\/missiontelecom.org\/es\/who-we-serve\/libraries\/\" \/>\n<meta property=\"og:site_name\" content=\"Mission Telecom\" \/>\n<meta property=\"article:modified_time\" content=\"2026-04-09T01:03:46+00:00\" \/>\n<meta property=\"og:image\" content=\"https:\/\/missiontelecom.org\/wp-content\/uploads\/2024\/09\/accountmanagement.png\" \/>\n\t<meta property=\"og:image:width\" content=\"384\" \/>\n\t<meta property=\"og:image:height\" content=\"440\" \/>\n\t<meta property=\"og:image:type\" content=\"image\/png\" \/>\n<meta name=\"twitter:card\" content=\"summary_large_image\" \/>\n<meta name=\"twitter:label1\" content=\"Est. reading time\" \/>\n\t<meta name=\"twitter:data1\" content=\"3 minutos\" \/>\n<script type=\"application\/ld+json\" class=\"yoast-schema-graph\">{\"@context\":\"https:\\\/\\\/schema.org\",\"@graph\":[{\"@type\":\"WebPage\",\"@id\":\"https:\\\/\\\/missiontelecom.org\\\/who-we-serve\\\/libraries\\\/\",\"url\":\"https:\\\/\\\/missiontelecom.org\\\/who-we-serve\\\/libraries\\\/\",\"name\":\"Libraries - Mission Telecom\",\"isPartOf\":{\"@id\":\"https:\\\/\\\/missiontelecom.org\\\/#website\"},\"primaryImageOfPage\":{\"@id\":\"https:\\\/\\\/missiontelecom.org\\\/who-we-serve\\\/libraries\\\/#primaryimage\"},\"image\":{\"@id\":\"https:\\\/\\\/missiontelecom.org\\\/who-we-serve\\\/libraries\\\/#primaryimage\"},\"thumbnailUrl\":\"https:\\\/\\\/missiontelecom.org\\\/wp-content\\\/uploads\\\/2024\\\/09\\\/accountmanagement.png\",\"datePublished\":\"2024-11-25T02:03:55+00:00\",\"dateModified\":\"2026-04-09T01:03:46+00:00\",\"description\":\"Expanding digital access in libraries with reliable broadband, connected devices, and secure networks \u2014 helping bridge the digital divide in every community.\",\"breadcrumb\":{\"@id\":\"https:\\\/\\\/missiontelecom.org\\\/who-we-serve\\\/libraries\\\/#breadcrumb\"},\"inLanguage\":\"es\",\"potentialAction\":[{\"@type\":\"ReadAction\",\"target\":[\"https:\\\/\\\/missiontelecom.org\\\/who-we-serve\\\/libraries\\\/\"]}]},{\"@type\":\"ImageObject\",\"inLanguage\":\"es\",\"@id\":\"https:\\\/\\\/missiontelecom.org\\\/who-we-serve\\\/libraries\\\/#primaryimage\",\"url\":\"https:\\\/\\\/missiontelecom.org\\\/wp-content\\\/uploads\\\/2024\\\/09\\\/accountmanagement.png\",\"contentUrl\":\"https:\\\/\\\/missiontelecom.org\\\/wp-content\\\/uploads\\\/2024\\\/09\\\/accountmanagement.png\",\"width\":384,\"height\":440},{\"@type\":\"BreadcrumbList\",\"@id\":\"https:\\\/\\\/missiontelecom.org\\\/who-we-serve\\\/libraries\\\/#breadcrumb\",\"itemListElement\":[{\"@type\":\"ListItem\",\"position\":1,\"name\":\"Home\",\"item\":\"https:\\\/\\\/missiontelecom.org\\\/\"},{\"@type\":\"ListItem\",\"position\":2,\"name\":\"Who We Serve\",\"item\":\"https:\\\/\\\/missiontelecom.org\\\/who-we-serve\\\/\"},{\"@type\":\"ListItem\",\"position\":3,\"name\":\"Libraries\"}]},{\"@type\":\"WebSite\",\"@id\":\"https:\\\/\\\/missiontelecom.org\\\/#website\",\"url\":\"https:\\\/\\\/missiontelecom.org\\\/\",\"name\":\"Mission Telecom\",\"description\":\"Empowering Connectivity\",\"potentialAction\":[{\"@type\":\"SearchAction\",\"target\":{\"@type\":\"EntryPoint\",\"urlTemplate\":\"https:\\\/\\\/missiontelecom.org\\\/?s={search_term_string}\"},\"query-input\":{\"@type\":\"PropertyValueSpecification\",\"valueRequired\":true,\"valueName\":\"search_term_string\"}}],\"inLanguage\":\"es\"}]}<\/script>\n<!-- \/ Yoast SEO plugin. -->","yoast_head_json":{"title":"Libraries - Mission Telecom","description":"Expanding digital access in libraries with reliable broadband, connected devices, and secure networks \u2014 helping bridge the digital divide in every community.","robots":{"index":"index","follow":"follow","max-snippet":"max-snippet:-1","max-image-preview":"max-image-preview:large","max-video-preview":"max-video-preview:-1"},"canonical":"https:\/\/missiontelecom.org\/es\/who-we-serve\/libraries\/","og_locale":"es_MX","og_type":"article","og_title":"Libraries - Mission Telecom","og_description":"Expanding digital access in libraries with reliable broadband, connected devices, and secure networks \u2014 helping bridge the digital divide in every community.","og_url":"https:\/\/missiontelecom.org\/es\/who-we-serve\/libraries\/","og_site_name":"Mission Telecom","article_modified_time":"2026-04-09T01:03:46+00:00","og_image":[{"width":384,"height":440,"url":"https:\/\/missiontelecom.org\/wp-content\/uploads\/2024\/09\/accountmanagement.png","type":"image\/png"}],"twitter_card":"summary_large_image","twitter_misc":{"Est. reading time":"3 minutos"},"schema":{"@context":"https:\/\/schema.org","@graph":[{"@type":"WebPage","@id":"https:\/\/missiontelecom.org\/who-we-serve\/libraries\/","url":"https:\/\/missiontelecom.org\/who-we-serve\/libraries\/","name":"Libraries - Mission Telecom","isPartOf":{"@id":"https:\/\/missiontelecom.org\/#website"},"primaryImageOfPage":{"@id":"https:\/\/missiontelecom.org\/who-we-serve\/libraries\/#primaryimage"},"image":{"@id":"https:\/\/missiontelecom.org\/who-we-serve\/libraries\/#primaryimage"},"thumbnailUrl":"https:\/\/missiontelecom.org\/wp-content\/uploads\/2024\/09\/accountmanagement.png","datePublished":"2024-11-25T02:03:55+00:00","dateModified":"2026-04-09T01:03:46+00:00","description":"Expanding digital access in libraries with reliable broadband, connected devices, and secure networks \u2014 helping bridge the digital divide in every community.","breadcrumb":{"@id":"https:\/\/missiontelecom.org\/who-we-serve\/libraries\/#breadcrumb"},"inLanguage":"es","potentialAction":[{"@type":"ReadAction","target":["https:\/\/missiontelecom.org\/who-we-serve\/libraries\/"]}]},{"@type":"ImageObject","inLanguage":"es","@id":"https:\/\/missiontelecom.org\/who-we-serve\/libraries\/#primaryimage","url":"https:\/\/missiontelecom.org\/wp-content\/uploads\/2024\/09\/accountmanagement.png","contentUrl":"https:\/\/missiontelecom.org\/wp-content\/uploads\/2024\/09\/accountmanagement.png","width":384,"height":440},{"@type":"BreadcrumbList","@id":"https:\/\/missiontelecom.org\/who-we-serve\/libraries\/#breadcrumb","itemListElement":[{"@type":"ListItem","position":1,"name":"Home","item":"https:\/\/missiontelecom.org\/"},{"@type":"ListItem","position":2,"name":"Who We Serve","item":"https:\/\/missiontelecom.org\/who-we-serve\/"},{"@type":"ListItem","position":3,"name":"Libraries"}]},{"@type":"WebSite","@id":"https:\/\/missiontelecom.org\/#website","url":"https:\/\/missiontelecom.org\/","name":"Misi\u00f3n Telecom","description":"Empowering Connectivity","potentialAction":[{"@type":"SearchAction","target":{"@type":"EntryPoint","urlTemplate":"https:\/\/missiontelecom.org\/?s={search_term_string}"},"query-input":{"@type":"PropertyValueSpecification","valueRequired":true,"valueName":"search_term_string"}}],"inLanguage":"es"}]}},"_links":{"self":[{"href":"https:\/\/missiontelecom.org\/es\/wp-json\/wp\/v2\/pages\/5317","targetHints":{"allow":["GET"]}}],"collection":[{"href":"https:\/\/missiontelecom.org\/es\/wp-json\/wp\/v2\/pages"}],"about":[{"href":"https:\/\/missiontelecom.org\/es\/wp-json\/wp\/v2\/types\/page"}],"author":[{"embeddable":true,"href":"https:\/\/missiontelecom.org\/es\/wp-json\/wp\/v2\/users\/5"}],"replies":[{"embeddable":true,"href":"https:\/\/missiontelecom.org\/es\/wp-json\/wp\/v2\/comments?post=5317"}],"version-history":[{"count":0,"href":"https:\/\/missiontelecom.org\/es\/wp-json\/wp\/v2\/pages\/5317\/revisions"}],"up":[{"embeddable":true,"href":"https:\/\/missiontelecom.org\/es\/wp-json\/wp\/v2\/pages\/5029"}],"wp:featuredmedia":[{"embeddable":true,"href":"https:\/\/missiontelecom.org\/es\/wp-json\/wp\/v2\/media\/5183"}],"wp:attachment":[{"href":"https:\/\/missiontelecom.org\/es\/wp-json\/wp\/v2\/media?parent=5317"}],"curies":[{"name":"wp","href":"https:\/\/api.w.org\/{rel}","templated":true}]}}