{"id":5821,"date":"2025-05-17T22:17:28","date_gmt":"2025-05-17T22:17:28","guid":{"rendered":"https:\/\/missiontelecom.org\/?page_id=5821"},"modified":"2025-07-30T23:06:14","modified_gmt":"2025-07-30T23:06:14","slug":"theory-of-change","status":"publish","type":"page","link":"https:\/\/missiontelecom.org\/es\/giving\/theory-of-change\/","title":{"rendered":"Teor\u00eda del cambio"},"content":{"rendered":"<h1>\n\t\t\tTeor\u00eda del cambio\t<\/h1>\n\t<p>Dotamos a los movimientos de base de capital sin restricciones y tolerante al riesgo, al tiempo que desafiamos a la filantrop\u00eda a invertir en la construcci\u00f3n de poder y la transformaci\u00f3n sist\u00e9mica a largo plazo.<\/p>\n<h2>\n\t\t\tNuestro enfoque del impacto\t<\/h2>\n\t<p>We help bridge divides by supporting grassroots leaders and communities working to change the systems at the root of injustice-through organizing, advocacy, and bold ideas that open up new possibilities for lasting change.<\/p>\n\t<p>Buscamos <strong>cambio transformador y sist\u00e9mico<\/strong>priorizar las soluciones previas y las causas profundas.<\/p>\n\t<p>Somos<strong> sin complejos, pol\u00edtica,<\/strong> y asunci\u00f3n de riesgos en nuestro planteamiento<\/p>\n\t<p>Apoyamos <strong>innovaci\u00f3n y experimentaci\u00f3n<\/strong> donde los enfoques tradicionales han fracasado.<\/p>\n\t<p>Invertimos en <strong>liderazgo aut\u00e9ntico<\/strong> de las comunidades m\u00e1s afectadas, a menudo aportando financiaci\u00f3n anticipada.<\/p>\n\t<p>Somos <strong>\u00e1gil y reactiva<\/strong> a las necesidades cambiantes de los l\u00edderes de base y las necesidades cambiantes del campo.<\/p>\n\t<p>Mantenemos <strong>humildad personal y organizativa<\/strong> tanto internamente como en la comunidad con los socios beneficiarios.<\/p>\n\t\t\t\t<img decoding=\"async\" data-src=\"https:\/\/missiontelecom.org\/wp-content\/uploads\/2025\/06\/pexels-rdne-6257340.jpg\" alt=\"pexels-rdne-6257340\" itemprop=\"image\" height=\"1053\" width=\"1200\" title=\"pexels-rdne-6257340\" onerror=\"this.style.display='none'\" src=\"data:image\/svg+xml;base64,PHN2ZyB3aWR0aD0iMSIgaGVpZ2h0PSIxIiB4bWxucz0iaHR0cDovL3d3dy53My5vcmcvMjAwMC9zdmciPjwvc3ZnPg==\" class=\"lazyload\" style=\"--smush-placeholder-width: 1200px; --smush-placeholder-aspect-ratio: 1200\/1053;\" data-srcset=\"https:\/\/missiontelecom.org\/wp-content\/uploads\/2025\/06\/pexels-rdne-6257340.jpg 1200w, https:\/\/missiontelecom.org\/wp-content\/smush-webp\/2025\/06\/pexels-rdne-6257340-300x263.jpg.webp 300w, https:\/\/missiontelecom.org\/wp-content\/smush-webp\/2025\/06\/pexels-rdne-6257340-1024x899.jpg.webp 1024w, https:\/\/missiontelecom.org\/wp-content\/smush-webp\/2025\/06\/pexels-rdne-6257340-768x674.jpg.webp 768w\" data-sizes=\"auto\" data-original-sizes=\"(max-width: 1200px) 100vw, 1200px\" \/>\n<h2>\n\t\t\tPriorizamos el trabajo que:\t<\/h2>\n\t<p>Centros de justicia racial, social y econ\u00f3mica<\/p>\n\t<p>Utiliza estrat\u00e9gicamente los escasos fondos del 501c4<\/p>\n\t<p>Aborda las causas profundas y crea un cambio sist\u00e9mico<\/p>\n\t<p>Tiene un liderazgo que refleja la comunidad y las partes interesadas<\/p>\n\t<p>Tiene esp\u00edritu de innovaci\u00f3n y experimentaci\u00f3n<\/p>\n\t<p>Articula claramente y se basa en un historial de impacto para la organizaci\u00f3n o el liderazgo<\/p>\n\t<p>FINANCIAR DE FORMA DIFERENTE<\/p>\n<h2>\n\t\t\tGet to Know What We&#8217;re Funding-and Why\t<\/h2>\n\t<p>Explore nuestros pilares estrat\u00e9gicos y descubra c\u00f3mo apoyamos la labor transformadora en los \u00e1mbitos de la democracia, la justicia y la equidad digital.<\/p>\n\t\t\t<a href=\"https:\/\/missiontelecom.org\/es\/giving\/grantmaking\/\" target=\"_self\">\n\t\t\t\t\t\t\tM\u00e1s informaci\u00f3n\n\t\t\t\t\t<\/a>","protected":false},"excerpt":{"rendered":"<p>Theory of Change We resource grassroots movements with unrestricted, risk-tolerant capital while challenging philanthropy to invest in long-term power-building and systemic transformation. Our Approach to Impact We help bridge divides by supporting grassroots leaders and communities working to change the systems at the root of injustice-through organizing, advocacy, and bold ideas that open up new&hellip;<\/p>","protected":false},"author":5,"featured_media":0,"parent":5672,"menu_order":0,"comment_status":"closed","ping_status":"closed","template":"","meta":{"footnotes":""},"class_list":["post-5821","page","type-page","status-publish","hentry"],"yoast_head":"<!-- This site is optimized with the Yoast SEO plugin v27.4 - https:\/\/yoast.com\/product\/yoast-seo-wordpress\/ -->\n<title>Theory of Change - Mission Telecom<\/title>\n<meta name=\"robots\" content=\"index, follow, max-snippet:-1, max-image-preview:large, max-video-preview:-1\" \/>\n<link rel=\"canonical\" href=\"https:\/\/missiontelecom.org\/es\/giving\/theory-of-change\/\" \/>\n<meta property=\"og:locale\" content=\"es_MX\" \/>\n<meta property=\"og:type\" content=\"article\" \/>\n<meta property=\"og:title\" content=\"Theory of Change - Mission Telecom\" \/>\n<meta property=\"og:description\" content=\"Theory of Change We resource grassroots movements with unrestricted, risk-tolerant capital while challenging philanthropy to invest in long-term power-building and systemic transformation. Our Approach to Impact We help bridge divides by supporting grassroots leaders and communities working to change the systems at the root of injustice-through organizing, advocacy, and bold ideas that open up new&hellip;\" \/>\n<meta property=\"og:url\" content=\"https:\/\/missiontelecom.org\/es\/giving\/theory-of-change\/\" \/>\n<meta property=\"og:site_name\" content=\"Mission Telecom\" \/>\n<meta property=\"article:modified_time\" content=\"2025-07-30T23:06:14+00:00\" \/>\n<meta property=\"og:image\" content=\"https:\/\/missiontelecom.org\/wp-content\/uploads\/2025\/06\/pexels-rdne-6257340.jpg\" \/>\n<meta name=\"twitter:card\" content=\"summary_large_image\" \/>\n<script type=\"application\/ld+json\" class=\"yoast-schema-graph\">{\"@context\":\"https:\\\/\\\/schema.org\",\"@graph\":[{\"@type\":\"WebPage\",\"@id\":\"https:\\\/\\\/missiontelecom.org\\\/giving\\\/theory-of-change\\\/\",\"url\":\"https:\\\/\\\/missiontelecom.org\\\/giving\\\/theory-of-change\\\/\",\"name\":\"Theory of Change - Mission Telecom\",\"isPartOf\":{\"@id\":\"https:\\\/\\\/missiontelecom.org\\\/#website\"},\"primaryImageOfPage\":{\"@id\":\"https:\\\/\\\/missiontelecom.org\\\/giving\\\/theory-of-change\\\/#primaryimage\"},\"image\":{\"@id\":\"https:\\\/\\\/missiontelecom.org\\\/giving\\\/theory-of-change\\\/#primaryimage\"},\"thumbnailUrl\":\"https:\\\/\\\/missiontelecom.org\\\/wp-content\\\/uploads\\\/2025\\\/06\\\/pexels-rdne-6257340.jpg\",\"datePublished\":\"2025-05-17T22:17:28+00:00\",\"dateModified\":\"2025-07-30T23:06:14+00:00\",\"breadcrumb\":{\"@id\":\"https:\\\/\\\/missiontelecom.org\\\/giving\\\/theory-of-change\\\/#breadcrumb\"},\"inLanguage\":\"es\",\"potentialAction\":[{\"@type\":\"ReadAction\",\"target\":[\"https:\\\/\\\/missiontelecom.org\\\/giving\\\/theory-of-change\\\/\"]}]},{\"@type\":\"ImageObject\",\"inLanguage\":\"es\",\"@id\":\"https:\\\/\\\/missiontelecom.org\\\/giving\\\/theory-of-change\\\/#primaryimage\",\"url\":\"https:\\\/\\\/missiontelecom.org\\\/wp-content\\\/uploads\\\/2025\\\/06\\\/pexels-rdne-6257340.jpg\",\"contentUrl\":\"https:\\\/\\\/missiontelecom.org\\\/wp-content\\\/uploads\\\/2025\\\/06\\\/pexels-rdne-6257340.jpg\"},{\"@type\":\"BreadcrumbList\",\"@id\":\"https:\\\/\\\/missiontelecom.org\\\/giving\\\/theory-of-change\\\/#breadcrumb\",\"itemListElement\":[{\"@type\":\"ListItem\",\"position\":1,\"name\":\"Home\",\"item\":\"https:\\\/\\\/missiontelecom.org\\\/\"},{\"@type\":\"ListItem\",\"position\":2,\"name\":\"Mission Telecom Giving\",\"item\":\"https:\\\/\\\/missiontelecom.org\\\/giving\\\/\"},{\"@type\":\"ListItem\",\"position\":3,\"name\":\"Theory of Change\"}]},{\"@type\":\"WebSite\",\"@id\":\"https:\\\/\\\/missiontelecom.org\\\/#website\",\"url\":\"https:\\\/\\\/missiontelecom.org\\\/\",\"name\":\"Mission Telecom\",\"description\":\"Empowering Connectivity\",\"potentialAction\":[{\"@type\":\"SearchAction\",\"target\":{\"@type\":\"EntryPoint\",\"urlTemplate\":\"https:\\\/\\\/missiontelecom.org\\\/?s={search_term_string}\"},\"query-input\":{\"@type\":\"PropertyValueSpecification\",\"valueRequired\":true,\"valueName\":\"search_term_string\"}}],\"inLanguage\":\"es\"}]}<\/script>\n<!-- \/ Yoast SEO plugin. -->","yoast_head_json":{"title":"Theory of Change - Mission Telecom","robots":{"index":"index","follow":"follow","max-snippet":"max-snippet:-1","max-image-preview":"max-image-preview:large","max-video-preview":"max-video-preview:-1"},"canonical":"https:\/\/missiontelecom.org\/es\/giving\/theory-of-change\/","og_locale":"es_MX","og_type":"article","og_title":"Theory of Change - Mission Telecom","og_description":"Theory of Change We resource grassroots movements with unrestricted, risk-tolerant capital while challenging philanthropy to invest in long-term power-building and systemic transformation. Our Approach to Impact We help bridge divides by supporting grassroots leaders and communities working to change the systems at the root of injustice-through organizing, advocacy, and bold ideas that open up new&hellip;","og_url":"https:\/\/missiontelecom.org\/es\/giving\/theory-of-change\/","og_site_name":"Mission Telecom","article_modified_time":"2025-07-30T23:06:14+00:00","og_image":[{"url":"https:\/\/missiontelecom.org\/wp-content\/uploads\/2025\/06\/pexels-rdne-6257340.jpg","type":"","width":"","height":""}],"twitter_card":"summary_large_image","schema":{"@context":"https:\/\/schema.org","@graph":[{"@type":"WebPage","@id":"https:\/\/missiontelecom.org\/giving\/theory-of-change\/","url":"https:\/\/missiontelecom.org\/giving\/theory-of-change\/","name":"Theory of Change - Mission Telecom","isPartOf":{"@id":"https:\/\/missiontelecom.org\/#website"},"primaryImageOfPage":{"@id":"https:\/\/missiontelecom.org\/giving\/theory-of-change\/#primaryimage"},"image":{"@id":"https:\/\/missiontelecom.org\/giving\/theory-of-change\/#primaryimage"},"thumbnailUrl":"https:\/\/missiontelecom.org\/wp-content\/uploads\/2025\/06\/pexels-rdne-6257340.jpg","datePublished":"2025-05-17T22:17:28+00:00","dateModified":"2025-07-30T23:06:14+00:00","breadcrumb":{"@id":"https:\/\/missiontelecom.org\/giving\/theory-of-change\/#breadcrumb"},"inLanguage":"es","potentialAction":[{"@type":"ReadAction","target":["https:\/\/missiontelecom.org\/giving\/theory-of-change\/"]}]},{"@type":"ImageObject","inLanguage":"es","@id":"https:\/\/missiontelecom.org\/giving\/theory-of-change\/#primaryimage","url":"https:\/\/missiontelecom.org\/wp-content\/uploads\/2025\/06\/pexels-rdne-6257340.jpg","contentUrl":"https:\/\/missiontelecom.org\/wp-content\/uploads\/2025\/06\/pexels-rdne-6257340.jpg"},{"@type":"BreadcrumbList","@id":"https:\/\/missiontelecom.org\/giving\/theory-of-change\/#breadcrumb","itemListElement":[{"@type":"ListItem","position":1,"name":"Home","item":"https:\/\/missiontelecom.org\/"},{"@type":"ListItem","position":2,"name":"Mission Telecom Giving","item":"https:\/\/missiontelecom.org\/giving\/"},{"@type":"ListItem","position":3,"name":"Theory of Change"}]},{"@type":"WebSite","@id":"https:\/\/missiontelecom.org\/#website","url":"https:\/\/missiontelecom.org\/","name":"Misi\u00f3n Telecom","description":"Empowering Connectivity","potentialAction":[{"@type":"SearchAction","target":{"@type":"EntryPoint","urlTemplate":"https:\/\/missiontelecom.org\/?s={search_term_string}"},"query-input":{"@type":"PropertyValueSpecification","valueRequired":true,"valueName":"search_term_string"}}],"inLanguage":"es"}]}},"_links":{"self":[{"href":"https:\/\/missiontelecom.org\/es\/wp-json\/wp\/v2\/pages\/5821","targetHints":{"allow":["GET"]}}],"collection":[{"href":"https:\/\/missiontelecom.org\/es\/wp-json\/wp\/v2\/pages"}],"about":[{"href":"https:\/\/missiontelecom.org\/es\/wp-json\/wp\/v2\/types\/page"}],"author":[{"embeddable":true,"href":"https:\/\/missiontelecom.org\/es\/wp-json\/wp\/v2\/users\/5"}],"replies":[{"embeddable":true,"href":"https:\/\/missiontelecom.org\/es\/wp-json\/wp\/v2\/comments?post=5821"}],"version-history":[{"count":0,"href":"https:\/\/missiontelecom.org\/es\/wp-json\/wp\/v2\/pages\/5821\/revisions"}],"up":[{"embeddable":true,"href":"https:\/\/missiontelecom.org\/es\/wp-json\/wp\/v2\/pages\/5672"}],"wp:attachment":[{"href":"https:\/\/missiontelecom.org\/es\/wp-json\/wp\/v2\/media?parent=5821"}],"curies":[{"name":"wp","href":"https:\/\/api.w.org\/{rel}","templated":true}]}}