{"id":5959,"date":"2025-06-05T04:54:22","date_gmt":"2025-06-05T04:54:22","guid":{"rendered":"https:\/\/missiontelecom.org\/?page_id=5959"},"modified":"2026-04-20T21:25:03","modified_gmt":"2026-04-20T21:25:03","slug":"foundation","status":"publish","type":"page","link":"https:\/\/missiontelecom.org\/es\/giving\/foundation\/","title":{"rendered":"Foundation"},"content":{"rendered":"<h1>\n\t\t\tSubvenciones\t<\/h1>\n\t<p>Conozca nuestras prioridades de financiaci\u00f3n y el proceso de concesi\u00f3n de subvenciones.<\/p>\n<h2>\n\t\t\tNuestros pilares estrat\u00e9gicos\t<\/h2>\n\t<p>Estas tres \u00e1reas de inter\u00e9s gu\u00edan y definen los par\u00e1metros de nuestras subvenciones estrat\u00e9gicas, garantizando que nuestros esfuerzos est\u00e9n directamente alineados con las necesidades m\u00e1s acuciantes identificadas sobre el terreno y se basen en nuestras fortalezas organizativas \u00fanicas.<\/p>\n<figure itemscope itemtype=\"https:\/\/schema.org\/ImageObject\">\n\t\t\t\t<img decoding=\"async\" data-src=\"https:\/\/missiontelecom.org\/wp-content\/uploads\/2025\/06\/Rectangle-156-2.jpg\" alt=\"Rectangle 156\" height=\"818\" width=\"1160\" title=\"Rect\u00e1ngulo 156\" onerror=\"this.style.display='none'\" src=\"data:image\/svg+xml;base64,PHN2ZyB3aWR0aD0iMSIgaGVpZ2h0PSIxIiB4bWxucz0iaHR0cDovL3d3dy53My5vcmcvMjAwMC9zdmciPjwvc3ZnPg==\" class=\"lazyload\" style=\"--smush-placeholder-width: 1160px; --smush-placeholder-aspect-ratio: 1160\/818;\" data-srcset=\"https:\/\/missiontelecom.org\/wp-content\/uploads\/2025\/06\/Rectangle-156-2.jpg 1160w, https:\/\/missiontelecom.org\/wp-content\/smush-webp\/2025\/06\/Rectangle-156-2-300x212.jpg.webp 300w, https:\/\/missiontelecom.org\/wp-content\/smush-webp\/2025\/06\/Rectangle-156-2-1024x722.jpg.webp 1024w, https:\/\/missiontelecom.org\/wp-content\/smush-webp\/2025\/06\/Rectangle-156-2-768x542.jpg.webp 768w\" data-sizes=\"auto\" data-original-sizes=\"(max-width: 1160px) 100vw, 1160px\" \/>\n\t<\/figure>\n<h3>\n\t\t\tMultiracial Democracy &#038; Power Building\t<\/h3>\n\t<p>Apoyo b\u00e1sico al trabajo que construye el poder para la Nueva Mayor\u00eda Estadounidense. Se trata de garantizar que todas las comunidades tengan una representaci\u00f3n equitativa en el proceso electoral y el poder pol\u00edtico necesario para fomentar la acci\u00f3n colectiva y el bienestar.<\/p>\n\t\t\t\t\t\t<h4>Vea las iniciativas de fomento del poder que apoyamos \u2193<\/h4>\n\t\t\t\u2192 Ampliar el electorado de votantes nativos, negros, AAPI, \u00e1rabe-americanos, latinos, discapacitados y\/o LGBTQ.<br \/>\n\u2192 Democracia reflexiva: aumentar la representaci\u00f3n de los l\u00edderes electos.<br \/>\n\u2192 Construir el poder de organizaci\u00f3n de las bases en l\u00ednea o fuera de l\u00ednea (construcci\u00f3n de bases).<br \/>\n\u2192 Movilizaci\u00f3n de votantes a trav\u00e9s de campa\u00f1as de promoci\u00f3n y de candidatos.<br \/>\n\u2192 Redistribuci\u00f3n de distritos<br \/>\n\u2192 Campa\u00f1as estatales y locales, concursos de candidaturas e iniciativas electorales.<br \/>\n\u2192 Defensa judicial y elecciones<br \/>\n\u2192 Modelos de cogobierno y campa\u00f1as de rendici\u00f3n de cuentas<br \/>\n\u2192 Liderazgo intelectual<br \/>\n\u2192 Creaci\u00f3n de contenidos o trabajo narrativo\n<figure itemscope itemtype=\"https:\/\/schema.org\/ImageObject\">\n\t\t\t\t<img decoding=\"async\" data-src=\"https:\/\/missiontelecom.org\/wp-content\/uploads\/2025\/07\/pexels-cristian-rojas-8853391.jpg\" alt=\"pexels-cristian-rojas-8853391\" height=\"705\" width=\"1000\" title=\"pexels-cristian-rojas-8853391\" onerror=\"this.style.display='none'\" src=\"data:image\/svg+xml;base64,PHN2ZyB3aWR0aD0iMSIgaGVpZ2h0PSIxIiB4bWxucz0iaHR0cDovL3d3dy53My5vcmcvMjAwMC9zdmciPjwvc3ZnPg==\" class=\"lazyload\" style=\"--smush-placeholder-width: 1000px; --smush-placeholder-aspect-ratio: 1000\/705;\" data-srcset=\"https:\/\/missiontelecom.org\/wp-content\/uploads\/2025\/07\/pexels-cristian-rojas-8853391.jpg 1000w, https:\/\/missiontelecom.org\/wp-content\/smush-webp\/2025\/07\/pexels-cristian-rojas-8853391-300x212.jpg.webp 300w, https:\/\/missiontelecom.org\/wp-content\/smush-webp\/2025\/07\/pexels-cristian-rojas-8853391-768x541.jpg.webp 768w, https:\/\/missiontelecom.org\/wp-content\/smush-webp\/2025\/07\/pexels-cristian-rojas-8853391-18x12.jpg.webp 18w\" data-sizes=\"auto\" data-original-sizes=\"(max-width: 1000px) 100vw, 1000px\" \/>\n\t<\/figure>\n<h3>\n\t\t\tMovement Infrastructure &#038; Innovation\t<\/h3>\n\t<p>Innovaci\u00f3n y herramientas al servicio directo de la justicia racial y econ\u00f3mica. Este es un trabajo para construir y apoyar la infraestructura cr\u00edtica al servicio directo de los movimientos hacia la justicia racial y social.<\/p>\n\t\t\t\t\t\t<h4>Vea las iniciativas innovadoras que apoyamos \u2193<\/h4>\n\t\t\t<p>\u2192 Experimentaci\u00f3n y construcci\u00f3n de modelos<br \/>\u2192 Infraestructura de datos y tecnolog\u00eda<br \/>\u2192 Investigaci\u00f3n original<br \/>\u2192 Comunicaci\u00f3n y narrativa<br \/>\u2192 Formaci\u00f3n, desarrollo y apoyo a las organizaciones y operativos del movimiento.<\/p>\n<figure itemscope itemtype=\"https:\/\/schema.org\/ImageObject\">\n\t\t\t\t<img decoding=\"async\" data-src=\"https:\/\/missiontelecom.org\/wp-content\/uploads\/2025\/06\/Rectangle-156-8.png\" alt=\"Rectangle 156 (8)\" height=\"409\" width=\"580\" title=\"Rect\u00e1ngulo 156 (8)\" onerror=\"this.style.display='none'\" src=\"data:image\/svg+xml;base64,PHN2ZyB3aWR0aD0iMSIgaGVpZ2h0PSIxIiB4bWxucz0iaHR0cDovL3d3dy53My5vcmcvMjAwMC9zdmciPjwvc3ZnPg==\" class=\"lazyload\" style=\"--smush-placeholder-width: 580px; --smush-placeholder-aspect-ratio: 580\/409;\" data-srcset=\"https:\/\/missiontelecom.org\/wp-content\/uploads\/2025\/06\/Rectangle-156-8.png 580w, https:\/\/missiontelecom.org\/wp-content\/smush-webp\/2025\/06\/Rectangle-156-8-300x212.png.webp 300w\" data-sizes=\"auto\" data-original-sizes=\"(max-width: 580px) 100vw, 580px\" \/>\n\t<\/figure>\n<h3>\n\t\t\tJusticia en las telecomunicaciones\t<\/h3>\n\t<p>Trabajo que aprovecha el acceso y el poder de las telecomunicaciones en favor de la equidad para todas las comunidades. Se trata de una labor pol\u00edtica y de promoci\u00f3n para garantizar que todas las comunidades tengan un acceso equitativo a una banda ancha asequible y de calidad.<\/p>\n\t\t\t\t\t\t<h4>Vea las iniciativas de promoci\u00f3n que apoyamos \u2193<\/h4>\n\t\t\t<p>\u2192 Aumentar la conectividad para todos, incluidas las comunidades de bajos ingresos, de color e ind\u00edgenas.<br \/>\u2192 Programa de restablecimiento de la conectividad asequible y dotaci\u00f3n del Fondo de Servicio Universal<br \/>\u2192 Aplicaci\u00f3n de BEAD<br \/>\u2192 Concursos de candidaturas<br \/>\u2192 Liderazgo intelectual<br \/>\u2192 Formaci\u00f3n, desarrollo y apoyo a las organizaciones y operativos del movimiento.<\/p>\n<h2>\n\t\t\tNuestros valores\t<\/h2>\n<h3>\n\t\t\tFinanciaci\u00f3n flexible\t<\/h3>\n\t<p>Financiaci\u00f3n flexible en forma de ayuda general al funcionamiento<\/p>\n<h3>\n\t\t\tInversiones estrat\u00e9gicas 501c4\t<\/h3>\n\t<p>Priorizar el uso estrat\u00e9gico de la flexibilidad 501c4 y la Actividad de Campa\u00f1a Pol\u00edtica (PCA) para apoyar la defensa, la organizaci\u00f3n y la pol\u00edtica hacia un cambio social progresista.<\/p>\n<h3>\n\t\t\tInformes simplificados\t<\/h3>\n\t<p>Utilizar aplicaciones ligeras y mecanismos de informaci\u00f3n que no supongan una carga innecesaria para los grupos.<\/p>\n<h3>\n\t\t\tAyuda a largo plazo\t<\/h3>\n\t<p>Compromiso a largo plazo y apoyo plurianual, cuando sea posible y aconsejable<\/p>\n<h3>\n\t\t\tDirigido desde el terreno\t<\/h3>\n\t<p>Tomar la iniciativa estrat\u00e9gica de los l\u00edderes m\u00e1s pr\u00f3ximos al terreno<\/p>\n<h3>\n\t\t\tC\u00f3mo financiamos un cambio sist\u00e9mico audaz\t<\/h3>\n\t<p>Download our Grantmaking Theory of Change &amp; Pillar Strategy to see how we&#8217;re putting power, access, and equity into the hands of communities leading change.<\/p>\n\t\t\t<a href=\"https:\/\/missiontelecom.org\/wp-content\/uploads\/2026\/03\/Grantmaking-Theory-of-Change-and-Pillar-Strategy_2026.pdf\"  target=\"_blank\" rel=\"noopener\">\n\t\t\t\t\t\t\tDownload Now\n\t\t\t\t\t<\/a>\n<h2>\n\t\t\tConozca a los Changemakers que apoyamos\t<\/h2>\n\t<p>Descubra las organizaciones y personas que impulsan el cambio sist\u00e9mico a trav\u00e9s de nuestras asociaciones de financiaci\u00f3n.<\/p>\n\t\t\t<a href=\"https:\/\/missiontelecom.org\/es\/giving\/our-grantees\/\"  target=\"_self\">\n\t\t\t\t\t\t\tNuestros beneficiarios\n\t\t\t\t\t<\/a>\n<h2>\n\t\t\tExplore nuestro enfoque de concesi\u00f3n de subvenciones\t<\/h2>\n\t<p>Nuestro proceso de selecci\u00f3n de carteras tiene lugar al final de cada a\u00f1o natural. Tambi\u00e9n concedemos subvenciones oportunistas limitadas para necesidades de respuesta r\u00e1pida a lo largo del a\u00f1o. Tanto las subvenciones de cartera como las oportunistas se conceden \u00fanicamente por invitaci\u00f3n. Rellene el formulario de inter\u00e9s que figura a continuaci\u00f3n para que se le tenga en cuenta. <\/p>\n\t\t\t<a href=\"https:\/\/missiontelecom.org\/es\/giving\/interest-form\/\"  target=\"_self\">\n\t\t\t\t\t\t\tFormulario de inter\u00e9s\n\t\t\t\t\t<\/a>\n\t<p>Mission Telecom est\u00e1 organizada y gestionada como organizaci\u00f3n exenta de impuestos en virtud de la secci\u00f3n 501(c)(4) del C\u00f3digo de Rentas Internas. Las decisiones de concesi\u00f3n de subvenciones de Mission Telecom Giving, y los criterios utilizados para fundamentarlas, son completamente independientes de las actividades que generan ingresos para Mission Telecom.<\/p>","protected":false},"excerpt":{"rendered":"<p>Grantmaking Explore our funding priorities and grantmaking process. Our Strategic Pillars These three focus areas guide and define the parameters of our strategic grantmaking, ensuring that our efforts are directly aligned with the most pressing needs identified in the field and informed by our unique organizational strengths. Multiracial Democracy &#038; Power Building Core support for&hellip;<\/p>","protected":false},"author":5,"featured_media":0,"parent":5672,"menu_order":0,"comment_status":"closed","ping_status":"closed","template":"","meta":{"footnotes":""},"class_list":["post-5959","page","type-page","status-publish","hentry"],"yoast_head":"<!-- This site is optimized with the Yoast SEO plugin v27.4 - https:\/\/yoast.com\/product\/yoast-seo-wordpress\/ -->\n<title>Foundation - Mission Telecom<\/title>\n<meta name=\"robots\" content=\"index, follow, max-snippet:-1, max-image-preview:large, max-video-preview:-1\" \/>\n<link rel=\"canonical\" href=\"https:\/\/missiontelecom.org\/es\/giving\/foundation\/\" \/>\n<meta property=\"og:locale\" content=\"es_MX\" \/>\n<meta property=\"og:type\" content=\"article\" \/>\n<meta property=\"og:title\" content=\"Foundation - Mission Telecom\" \/>\n<meta property=\"og:description\" content=\"Grantmaking Explore our funding priorities and grantmaking process. Our Strategic Pillars These three focus areas guide and define the parameters of our strategic grantmaking, ensuring that our efforts are directly aligned with the most pressing needs identified in the field and informed by our unique organizational strengths. Multiracial Democracy &#038; Power Building Core support for&hellip;\" \/>\n<meta property=\"og:url\" content=\"https:\/\/missiontelecom.org\/es\/giving\/foundation\/\" \/>\n<meta property=\"og:site_name\" content=\"Mission Telecom\" \/>\n<meta property=\"article:modified_time\" content=\"2026-04-20T21:25:03+00:00\" \/>\n<meta property=\"og:image\" content=\"https:\/\/missiontelecom.org\/wp-content\/uploads\/2025\/06\/Rectangle-156-2.jpg\" \/>\n<meta name=\"twitter:card\" content=\"summary_large_image\" \/>\n<meta name=\"twitter:label1\" content=\"Est. reading time\" \/>\n\t<meta name=\"twitter:data1\" content=\"5 minutos\" \/>\n<script type=\"application\/ld+json\" class=\"yoast-schema-graph\">{\"@context\":\"https:\\\/\\\/schema.org\",\"@graph\":[{\"@type\":\"WebPage\",\"@id\":\"https:\\\/\\\/missiontelecom.org\\\/giving\\\/foundation\\\/\",\"url\":\"https:\\\/\\\/missiontelecom.org\\\/giving\\\/foundation\\\/\",\"name\":\"Foundation - Mission Telecom\",\"isPartOf\":{\"@id\":\"https:\\\/\\\/missiontelecom.org\\\/#website\"},\"primaryImageOfPage\":{\"@id\":\"https:\\\/\\\/missiontelecom.org\\\/giving\\\/foundation\\\/#primaryimage\"},\"image\":{\"@id\":\"https:\\\/\\\/missiontelecom.org\\\/giving\\\/foundation\\\/#primaryimage\"},\"thumbnailUrl\":\"https:\\\/\\\/missiontelecom.org\\\/wp-content\\\/uploads\\\/2025\\\/06\\\/Rectangle-156-2.jpg\",\"datePublished\":\"2025-06-05T04:54:22+00:00\",\"dateModified\":\"2026-04-20T21:25:03+00:00\",\"breadcrumb\":{\"@id\":\"https:\\\/\\\/missiontelecom.org\\\/giving\\\/foundation\\\/#breadcrumb\"},\"inLanguage\":\"es\",\"potentialAction\":[{\"@type\":\"ReadAction\",\"target\":[\"https:\\\/\\\/missiontelecom.org\\\/giving\\\/foundation\\\/\"]}]},{\"@type\":\"ImageObject\",\"inLanguage\":\"es\",\"@id\":\"https:\\\/\\\/missiontelecom.org\\\/giving\\\/foundation\\\/#primaryimage\",\"url\":\"https:\\\/\\\/missiontelecom.org\\\/wp-content\\\/uploads\\\/2025\\\/06\\\/Rectangle-156-2.jpg\",\"contentUrl\":\"https:\\\/\\\/missiontelecom.org\\\/wp-content\\\/uploads\\\/2025\\\/06\\\/Rectangle-156-2.jpg\"},{\"@type\":\"BreadcrumbList\",\"@id\":\"https:\\\/\\\/missiontelecom.org\\\/giving\\\/foundation\\\/#breadcrumb\",\"itemListElement\":[{\"@type\":\"ListItem\",\"position\":1,\"name\":\"Home\",\"item\":\"https:\\\/\\\/missiontelecom.org\\\/\"},{\"@type\":\"ListItem\",\"position\":2,\"name\":\"Mission Telecom Giving\",\"item\":\"https:\\\/\\\/missiontelecom.org\\\/giving\\\/\"},{\"@type\":\"ListItem\",\"position\":3,\"name\":\"Foundation\"}]},{\"@type\":\"WebSite\",\"@id\":\"https:\\\/\\\/missiontelecom.org\\\/#website\",\"url\":\"https:\\\/\\\/missiontelecom.org\\\/\",\"name\":\"Mission Telecom\",\"description\":\"Empowering Connectivity\",\"potentialAction\":[{\"@type\":\"SearchAction\",\"target\":{\"@type\":\"EntryPoint\",\"urlTemplate\":\"https:\\\/\\\/missiontelecom.org\\\/?s={search_term_string}\"},\"query-input\":{\"@type\":\"PropertyValueSpecification\",\"valueRequired\":true,\"valueName\":\"search_term_string\"}}],\"inLanguage\":\"es\"}]}<\/script>\n<!-- \/ Yoast SEO plugin. -->","yoast_head_json":{"title":"Foundation - Mission Telecom","robots":{"index":"index","follow":"follow","max-snippet":"max-snippet:-1","max-image-preview":"max-image-preview:large","max-video-preview":"max-video-preview:-1"},"canonical":"https:\/\/missiontelecom.org\/es\/giving\/foundation\/","og_locale":"es_MX","og_type":"article","og_title":"Foundation - Mission Telecom","og_description":"Grantmaking Explore our funding priorities and grantmaking process. Our Strategic Pillars These three focus areas guide and define the parameters of our strategic grantmaking, ensuring that our efforts are directly aligned with the most pressing needs identified in the field and informed by our unique organizational strengths. Multiracial Democracy &#038; Power Building Core support for&hellip;","og_url":"https:\/\/missiontelecom.org\/es\/giving\/foundation\/","og_site_name":"Mission Telecom","article_modified_time":"2026-04-20T21:25:03+00:00","og_image":[{"url":"https:\/\/missiontelecom.org\/wp-content\/uploads\/2025\/06\/Rectangle-156-2.jpg","type":"","width":"","height":""}],"twitter_card":"summary_large_image","twitter_misc":{"Est. reading time":"5 minutos"},"schema":{"@context":"https:\/\/schema.org","@graph":[{"@type":"WebPage","@id":"https:\/\/missiontelecom.org\/giving\/foundation\/","url":"https:\/\/missiontelecom.org\/giving\/foundation\/","name":"Foundation - Mission Telecom","isPartOf":{"@id":"https:\/\/missiontelecom.org\/#website"},"primaryImageOfPage":{"@id":"https:\/\/missiontelecom.org\/giving\/foundation\/#primaryimage"},"image":{"@id":"https:\/\/missiontelecom.org\/giving\/foundation\/#primaryimage"},"thumbnailUrl":"https:\/\/missiontelecom.org\/wp-content\/uploads\/2025\/06\/Rectangle-156-2.jpg","datePublished":"2025-06-05T04:54:22+00:00","dateModified":"2026-04-20T21:25:03+00:00","breadcrumb":{"@id":"https:\/\/missiontelecom.org\/giving\/foundation\/#breadcrumb"},"inLanguage":"es","potentialAction":[{"@type":"ReadAction","target":["https:\/\/missiontelecom.org\/giving\/foundation\/"]}]},{"@type":"ImageObject","inLanguage":"es","@id":"https:\/\/missiontelecom.org\/giving\/foundation\/#primaryimage","url":"https:\/\/missiontelecom.org\/wp-content\/uploads\/2025\/06\/Rectangle-156-2.jpg","contentUrl":"https:\/\/missiontelecom.org\/wp-content\/uploads\/2025\/06\/Rectangle-156-2.jpg"},{"@type":"BreadcrumbList","@id":"https:\/\/missiontelecom.org\/giving\/foundation\/#breadcrumb","itemListElement":[{"@type":"ListItem","position":1,"name":"Home","item":"https:\/\/missiontelecom.org\/"},{"@type":"ListItem","position":2,"name":"Mission Telecom Giving","item":"https:\/\/missiontelecom.org\/giving\/"},{"@type":"ListItem","position":3,"name":"Foundation"}]},{"@type":"WebSite","@id":"https:\/\/missiontelecom.org\/#website","url":"https:\/\/missiontelecom.org\/","name":"Misi\u00f3n Telecom","description":"Empowering Connectivity","potentialAction":[{"@type":"SearchAction","target":{"@type":"EntryPoint","urlTemplate":"https:\/\/missiontelecom.org\/?s={search_term_string}"},"query-input":{"@type":"PropertyValueSpecification","valueRequired":true,"valueName":"search_term_string"}}],"inLanguage":"es"}]}},"_links":{"self":[{"href":"https:\/\/missiontelecom.org\/es\/wp-json\/wp\/v2\/pages\/5959","targetHints":{"allow":["GET"]}}],"collection":[{"href":"https:\/\/missiontelecom.org\/es\/wp-json\/wp\/v2\/pages"}],"about":[{"href":"https:\/\/missiontelecom.org\/es\/wp-json\/wp\/v2\/types\/page"}],"author":[{"embeddable":true,"href":"https:\/\/missiontelecom.org\/es\/wp-json\/wp\/v2\/users\/5"}],"replies":[{"embeddable":true,"href":"https:\/\/missiontelecom.org\/es\/wp-json\/wp\/v2\/comments?post=5959"}],"version-history":[{"count":0,"href":"https:\/\/missiontelecom.org\/es\/wp-json\/wp\/v2\/pages\/5959\/revisions"}],"up":[{"embeddable":true,"href":"https:\/\/missiontelecom.org\/es\/wp-json\/wp\/v2\/pages\/5672"}],"wp:attachment":[{"href":"https:\/\/missiontelecom.org\/es\/wp-json\/wp\/v2\/media?parent=5959"}],"curies":[{"name":"wp","href":"https:\/\/api.w.org\/{rel}","templated":true}]}}